{"id":1069,"date":"2019-03-20T20:49:58","date_gmt":"2019-03-20T19:49:58","guid":{"rendered":"https:\/\/bsci.de\/cms\/?page_id=1069"},"modified":"2019-03-20T22:28:48","modified_gmt":"2019-03-20T21:28:48","slug":"datenschutzerklaerung","status":"publish","type":"page","link":"https:\/\/bsci.de\/cms\/datenschutzerklaerung\/","title":{"rendered":"Datenschutzerkl\u00e4rung"},"content":{"rendered":"Datenschutzerkl\u00e4rung\nAllgemeiner Hinweis und Pflichtinformationen\nBenennung der verantwortlichen Stelle\nDie verantwortliche Stelle f\u00fcr die Datenverarbeitung auf dieser Website ist:\nBillard Sport Club Ingolstadt e.V.\nWolfgang Lohm\u00fcller\nLilienthalstra\u00dfe 44\n85077 Manching\n\nDie verantwortliche Stelle entscheidet allein oder gemeinsam mit anderen \u00fcber die Zwecke und Mittel der Verarbeitung von personenbezogenen Daten (z.B. Namen, Kontaktdaten o. \u00c4.).\n\nWiderruf Ihrer Einwilligung zur Datenverarbeitung\nNur <a href=\"https:\/\/bsci.de\/cms\/datenschutzerklaerung\/\" class=\"more-link\">........... Read more [...]<\/a>","protected":false},"excerpt":{"rendered":"<p>Datenschutzerkl\u00e4rung Allgemeiner Hinweis und Pflichtinformationen Benennung der verantwortlichen Stelle Die verantwortliche Stelle f\u00fcr die Datenverarbeitung auf dieser Website ist: Billard Sport Club Ingolstadt e.V. Wolfgang Lohm\u00fcller Lilienthalstra\u00dfe 44 85077 Manching Die verantwortliche Stelle entscheidet allein oder gemeinsam mit anderen \u00fcber die Zwecke und Mittel der Verarbeitung von personenbezogenen Daten (z.B. Namen, Kontaktdaten o. \u00c4.). Widerruf Ihrer Einwilligung zur Datenverarbeitung Nur&nbsp;<a href=\"https:\/\/bsci.de\/cms\/datenschutzerklaerung\/\" class=\"read-more\">Continue Reading<\/a><\/p>\n","protected":false},"author":2,"featured_media":0,"parent":0,"menu_order":1,"comment_status":"closed","ping_status":"closed","template":"","meta":{"footnotes":""},"class_list":["post-1069","page","type-page","status-publish","hentry"],"yoast_head":"<!-- This site is optimized with the Yoast SEO plugin v26.8 - https:\/\/yoast.com\/product\/yoast-seo-wordpress\/ -->\n<title>Datenschutzerkl\u00e4rung - BSCI<\/title>\n<meta name=\"robots\" content=\"index, follow, max-snippet:-1, max-image-preview:large, max-video-preview:-1\" \/>\n<link rel=\"canonical\" href=\"https:\/\/bsci.de\/cms\/datenschutzerklaerung\/\" \/>\n<meta property=\"og:locale\" content=\"de_DE\" \/>\n<meta property=\"og:type\" content=\"article\" \/>\n<meta property=\"og:title\" content=\"Datenschutzerkl\u00e4rung - BSCI\" \/>\n<meta property=\"og:description\" content=\"Datenschutzerkl\u00e4rung Allgemeiner Hinweis und Pflichtinformationen Benennung der verantwortlichen Stelle Die verantwortliche Stelle f\u00fcr die Datenverarbeitung auf dieser Website ist: Billard Sport Club Ingolstadt e.V. Wolfgang Lohm\u00fcller Lilienthalstra\u00dfe 44 85077 Manching Die verantwortliche Stelle entscheidet allein oder gemeinsam mit anderen \u00fcber die Zwecke und Mittel der Verarbeitung von personenbezogenen Daten (z.B. Namen, Kontaktdaten o. \u00c4.). Widerruf Ihrer Einwilligung zur Datenverarbeitung Nur&nbsp;Continue Reading\" \/>\n<meta property=\"og:url\" content=\"https:\/\/bsci.de\/cms\/datenschutzerklaerung\/\" \/>\n<meta property=\"og:site_name\" content=\"BSCI\" \/>\n<meta property=\"article:publisher\" content=\"https:\/\/www.facebook.com\/BSC.Ingolstadt\" \/>\n<meta property=\"article:modified_time\" content=\"2019-03-20T21:28:48+00:00\" \/>\n<meta property=\"og:image\" content=\"https:\/\/bsci.de\/cms\/wp-content\/uploads\/2017\/08\/BSCI-Wappen.png\" \/>\n\t<meta property=\"og:image:width\" content=\"200\" \/>\n\t<meta property=\"og:image:height\" content=\"200\" \/>\n\t<meta property=\"og:image:type\" content=\"image\/png\" \/>\n<meta name=\"twitter:label1\" content=\"Gesch\u00e4tzte Lesezeit\" \/>\n\t<meta name=\"twitter:data1\" content=\"8\u00a0Minuten\" \/>\n<script type=\"application\/ld+json\" class=\"yoast-schema-graph\">{\"@context\":\"https:\/\/schema.org\",\"@graph\":[{\"@type\":\"WebPage\",\"@id\":\"https:\/\/bsci.de\/cms\/datenschutzerklaerung\/\",\"url\":\"https:\/\/bsci.de\/cms\/datenschutzerklaerung\/\",\"name\":\"Datenschutzerkl\u00e4rung - BSCI\",\"isPartOf\":{\"@id\":\"https:\/\/bsci.de\/cms\/#website\"},\"datePublished\":\"2019-03-20T19:49:58+00:00\",\"dateModified\":\"2019-03-20T21:28:48+00:00\",\"breadcrumb\":{\"@id\":\"https:\/\/bsci.de\/cms\/datenschutzerklaerung\/#breadcrumb\"},\"inLanguage\":\"de\",\"potentialAction\":[{\"@type\":\"ReadAction\",\"target\":[\"https:\/\/bsci.de\/cms\/datenschutzerklaerung\/\"]}]},{\"@type\":\"BreadcrumbList\",\"@id\":\"https:\/\/bsci.de\/cms\/datenschutzerklaerung\/#breadcrumb\",\"itemListElement\":[{\"@type\":\"ListItem\",\"position\":1,\"name\":\"Startseite\",\"item\":\"https:\/\/bsci.de\/cms\/\"},{\"@type\":\"ListItem\",\"position\":2,\"name\":\"Datenschutzerkl\u00e4rung\"}]},{\"@type\":\"WebSite\",\"@id\":\"https:\/\/bsci.de\/cms\/#website\",\"url\":\"https:\/\/bsci.de\/cms\/\",\"name\":\"BSCI\",\"description\":\"Billard Sport Club Ingolstadt e.V.\",\"potentialAction\":[{\"@type\":\"SearchAction\",\"target\":{\"@type\":\"EntryPoint\",\"urlTemplate\":\"https:\/\/bsci.de\/cms\/?s={search_term_string}\"},\"query-input\":{\"@type\":\"PropertyValueSpecification\",\"valueRequired\":true,\"valueName\":\"search_term_string\"}}],\"inLanguage\":\"de\"}]}<\/script>\n<!-- \/ Yoast SEO plugin. -->","yoast_head_json":{"title":"Datenschutzerkl\u00e4rung - BSCI","robots":{"index":"index","follow":"follow","max-snippet":"max-snippet:-1","max-image-preview":"max-image-preview:large","max-video-preview":"max-video-preview:-1"},"canonical":"https:\/\/bsci.de\/cms\/datenschutzerklaerung\/","og_locale":"de_DE","og_type":"article","og_title":"Datenschutzerkl\u00e4rung - BSCI","og_description":"Datenschutzerkl\u00e4rung Allgemeiner Hinweis und Pflichtinformationen Benennung der verantwortlichen Stelle Die verantwortliche Stelle f\u00fcr die Datenverarbeitung auf dieser Website ist: Billard Sport Club Ingolstadt e.V. Wolfgang Lohm\u00fcller Lilienthalstra\u00dfe 44 85077 Manching Die verantwortliche Stelle entscheidet allein oder gemeinsam mit anderen \u00fcber die Zwecke und Mittel der Verarbeitung von personenbezogenen Daten (z.B. Namen, Kontaktdaten o. \u00c4.). Widerruf Ihrer Einwilligung zur Datenverarbeitung Nur&nbsp;Continue Reading","og_url":"https:\/\/bsci.de\/cms\/datenschutzerklaerung\/","og_site_name":"BSCI","article_publisher":"https:\/\/www.facebook.com\/BSC.Ingolstadt","article_modified_time":"2019-03-20T21:28:48+00:00","og_image":[{"width":200,"height":200,"url":"https:\/\/bsci.de\/cms\/wp-content\/uploads\/2017\/08\/BSCI-Wappen.png","type":"image\/png"}],"twitter_misc":{"Gesch\u00e4tzte Lesezeit":"8\u00a0Minuten"},"schema":{"@context":"https:\/\/schema.org","@graph":[{"@type":"WebPage","@id":"https:\/\/bsci.de\/cms\/datenschutzerklaerung\/","url":"https:\/\/bsci.de\/cms\/datenschutzerklaerung\/","name":"Datenschutzerkl\u00e4rung - BSCI","isPartOf":{"@id":"https:\/\/bsci.de\/cms\/#website"},"datePublished":"2019-03-20T19:49:58+00:00","dateModified":"2019-03-20T21:28:48+00:00","breadcrumb":{"@id":"https:\/\/bsci.de\/cms\/datenschutzerklaerung\/#breadcrumb"},"inLanguage":"de","potentialAction":[{"@type":"ReadAction","target":["https:\/\/bsci.de\/cms\/datenschutzerklaerung\/"]}]},{"@type":"BreadcrumbList","@id":"https:\/\/bsci.de\/cms\/datenschutzerklaerung\/#breadcrumb","itemListElement":[{"@type":"ListItem","position":1,"name":"Startseite","item":"https:\/\/bsci.de\/cms\/"},{"@type":"ListItem","position":2,"name":"Datenschutzerkl\u00e4rung"}]},{"@type":"WebSite","@id":"https:\/\/bsci.de\/cms\/#website","url":"https:\/\/bsci.de\/cms\/","name":"BSCI","description":"Billard Sport Club Ingolstadt e.V.","potentialAction":[{"@type":"SearchAction","target":{"@type":"EntryPoint","urlTemplate":"https:\/\/bsci.de\/cms\/?s={search_term_string}"},"query-input":{"@type":"PropertyValueSpecification","valueRequired":true,"valueName":"search_term_string"}}],"inLanguage":"de"}]}},"post_mailing_queue_ids":[],"_links":{"self":[{"href":"https:\/\/bsci.de\/cms\/wp-json\/wp\/v2\/pages\/1069","targetHints":{"allow":["GET"]}}],"collection":[{"href":"https:\/\/bsci.de\/cms\/wp-json\/wp\/v2\/pages"}],"about":[{"href":"https:\/\/bsci.de\/cms\/wp-json\/wp\/v2\/types\/page"}],"author":[{"embeddable":true,"href":"https:\/\/bsci.de\/cms\/wp-json\/wp\/v2\/users\/2"}],"replies":[{"embeddable":true,"href":"https:\/\/bsci.de\/cms\/wp-json\/wp\/v2\/comments?post=1069"}],"version-history":[{"count":23,"href":"https:\/\/bsci.de\/cms\/wp-json\/wp\/v2\/pages\/1069\/revisions"}],"predecessor-version":[{"id":1100,"href":"https:\/\/bsci.de\/cms\/wp-json\/wp\/v2\/pages\/1069\/revisions\/1100"}],"wp:attachment":[{"href":"https:\/\/bsci.de\/cms\/wp-json\/wp\/v2\/media?parent=1069"}],"curies":[{"name":"wp","href":"https:\/\/api.w.org\/{rel}","templated":true}]}}