{"id":63,"date":"2017-08-13T19:32:31","date_gmt":"2017-08-13T17:32:31","guid":{"rendered":"http:\/\/bsci.de\/cms\/?page_id=63"},"modified":"2021-10-18T11:17:15","modified_gmt":"2021-10-18T09:17:15","slug":"verein","status":"publish","type":"page","link":"https:\/\/bsci.de\/cms\/verein\/","title":{"rendered":"Verein"},"content":{"rendered":"Auf inzwischen \u00fcber 25 Jahre Vereinsgeschichte d\u00fcrfen wir alle stolz sein. Wir waren jahrelang in der 1. Bundesliga vertreten und wurden dabei 2 x Deutscher Mannschaftsmeister. Mit rund hundert Mitgliedern geh\u00f6ren wir zu den Gr\u00f6\u00dften in Bayern und mit den KARO OPEN Turnieren haben wir unseren Namen weit \u00fcber die Grenzen Bayerns und auch Deutschlands hinaus getragen.\n\n\u00dcber die Jahre haben schon einige der ganz Gro\u00dfen und Bekannten, wie Bernd Jahnke, Ralf Eckert, Karl-Heinz Langwieder, Thomas <a href=\"https:\/\/bsci.de\/cms\/verein\/\" class=\"more-link\">........... Read more [...]<\/a>","protected":false},"excerpt":{"rendered":"<p>Auf inzwischen \u00fcber 25 Jahre Vereinsgeschichte d\u00fcrfen wir alle stolz sein. Wir waren jahrelang in der 1. Bundesliga vertreten und wurden dabei 2 x Deutscher Mannschaftsmeister. Mit rund hundert Mitgliedern geh\u00f6ren wir zu den Gr\u00f6\u00dften in Bayern und mit den KARO OPEN Turnieren haben wir unseren Namen weit \u00fcber die Grenzen Bayerns und auch Deutschlands hinaus getragen. \u00dcber die Jahre&nbsp;<a href=\"https:\/\/bsci.de\/cms\/verein\/\" class=\"read-more\">Continue Reading<\/a><\/p>\n","protected":false},"author":2,"featured_media":0,"parent":0,"menu_order":2,"comment_status":"closed","ping_status":"closed","template":"page-fullwidth.php","meta":{"footnotes":""},"class_list":["post-63","page","type-page","status-publish","hentry"],"yoast_head":"<!-- This site is optimized with the Yoast SEO plugin v27.4 - https:\/\/yoast.com\/product\/yoast-seo-wordpress\/ -->\n<title>Verein - BSCI<\/title>\n<meta name=\"robots\" content=\"index, follow, max-snippet:-1, max-image-preview:large, max-video-preview:-1\" \/>\n<link rel=\"canonical\" href=\"https:\/\/bsci.de\/cms\/verein\/\" \/>\n<meta property=\"og:locale\" content=\"de_DE\" \/>\n<meta property=\"og:type\" content=\"article\" \/>\n<meta property=\"og:title\" content=\"Verein - BSCI\" \/>\n<meta property=\"og:description\" content=\"Auf inzwischen \u00fcber 25 Jahre Vereinsgeschichte d\u00fcrfen wir alle stolz sein. Wir waren jahrelang in der 1. Bundesliga vertreten und wurden dabei 2 x Deutscher Mannschaftsmeister. Mit rund hundert Mitgliedern geh\u00f6ren wir zu den Gr\u00f6\u00dften in Bayern und mit den KARO OPEN Turnieren haben wir unseren Namen weit \u00fcber die Grenzen Bayerns und auch Deutschlands hinaus getragen. \u00dcber die Jahre&nbsp;Continue Reading\" \/>\n<meta property=\"og:url\" content=\"https:\/\/bsci.de\/cms\/verein\/\" \/>\n<meta property=\"og:site_name\" content=\"BSCI\" \/>\n<meta property=\"article:publisher\" content=\"https:\/\/www.facebook.com\/BSC.Ingolstadt\" \/>\n<meta property=\"article:modified_time\" content=\"2021-10-18T09:17:15+00:00\" \/>\n<meta property=\"og:image\" content=\"https:\/\/bsci.de\/cms\/wp-content\/uploads\/2017\/08\/BSCI-Wappen.png\" \/>\n\t<meta property=\"og:image:width\" content=\"200\" \/>\n\t<meta property=\"og:image:height\" content=\"200\" \/>\n\t<meta property=\"og:image:type\" content=\"image\/png\" \/>\n<meta name=\"twitter:label1\" content=\"Gesch\u00e4tzte Lesezeit\" \/>\n\t<meta name=\"twitter:data1\" content=\"2\u00a0Minuten\" \/>\n<script type=\"application\/ld+json\" class=\"yoast-schema-graph\">{\"@context\":\"https:\\\/\\\/schema.org\",\"@graph\":[{\"@type\":\"WebPage\",\"@id\":\"https:\\\/\\\/bsci.de\\\/cms\\\/verein\\\/\",\"url\":\"https:\\\/\\\/bsci.de\\\/cms\\\/verein\\\/\",\"name\":\"Verein - BSCI\",\"isPartOf\":{\"@id\":\"https:\\\/\\\/bsci.de\\\/cms\\\/#website\"},\"datePublished\":\"2017-08-13T17:32:31+00:00\",\"dateModified\":\"2021-10-18T09:17:15+00:00\",\"breadcrumb\":{\"@id\":\"https:\\\/\\\/bsci.de\\\/cms\\\/verein\\\/#breadcrumb\"},\"inLanguage\":\"de\",\"potentialAction\":[{\"@type\":\"ReadAction\",\"target\":[\"https:\\\/\\\/bsci.de\\\/cms\\\/verein\\\/\"]}]},{\"@type\":\"BreadcrumbList\",\"@id\":\"https:\\\/\\\/bsci.de\\\/cms\\\/verein\\\/#breadcrumb\",\"itemListElement\":[{\"@type\":\"ListItem\",\"position\":1,\"name\":\"Startseite\",\"item\":\"https:\\\/\\\/bsci.de\\\/cms\\\/\"},{\"@type\":\"ListItem\",\"position\":2,\"name\":\"Verein\"}]},{\"@type\":\"WebSite\",\"@id\":\"https:\\\/\\\/bsci.de\\\/cms\\\/#website\",\"url\":\"https:\\\/\\\/bsci.de\\\/cms\\\/\",\"name\":\"BSCI\",\"description\":\"Billard Sport Club Ingolstadt e.V.\",\"potentialAction\":[{\"@type\":\"SearchAction\",\"target\":{\"@type\":\"EntryPoint\",\"urlTemplate\":\"https:\\\/\\\/bsci.de\\\/cms\\\/?s={search_term_string}\"},\"query-input\":{\"@type\":\"PropertyValueSpecification\",\"valueRequired\":true,\"valueName\":\"search_term_string\"}}],\"inLanguage\":\"de\"}]}<\/script>\n<!-- \/ Yoast SEO plugin. -->","yoast_head_json":{"title":"Verein - BSCI","robots":{"index":"index","follow":"follow","max-snippet":"max-snippet:-1","max-image-preview":"max-image-preview:large","max-video-preview":"max-video-preview:-1"},"canonical":"https:\/\/bsci.de\/cms\/verein\/","og_locale":"de_DE","og_type":"article","og_title":"Verein - BSCI","og_description":"Auf inzwischen \u00fcber 25 Jahre Vereinsgeschichte d\u00fcrfen wir alle stolz sein. Wir waren jahrelang in der 1. Bundesliga vertreten und wurden dabei 2 x Deutscher Mannschaftsmeister. Mit rund hundert Mitgliedern geh\u00f6ren wir zu den Gr\u00f6\u00dften in Bayern und mit den KARO OPEN Turnieren haben wir unseren Namen weit \u00fcber die Grenzen Bayerns und auch Deutschlands hinaus getragen. \u00dcber die Jahre&nbsp;Continue Reading","og_url":"https:\/\/bsci.de\/cms\/verein\/","og_site_name":"BSCI","article_publisher":"https:\/\/www.facebook.com\/BSC.Ingolstadt","article_modified_time":"2021-10-18T09:17:15+00:00","og_image":[{"width":200,"height":200,"url":"https:\/\/bsci.de\/cms\/wp-content\/uploads\/2017\/08\/BSCI-Wappen.png","type":"image\/png"}],"twitter_misc":{"Gesch\u00e4tzte Lesezeit":"2\u00a0Minuten"},"schema":{"@context":"https:\/\/schema.org","@graph":[{"@type":"WebPage","@id":"https:\/\/bsci.de\/cms\/verein\/","url":"https:\/\/bsci.de\/cms\/verein\/","name":"Verein - BSCI","isPartOf":{"@id":"https:\/\/bsci.de\/cms\/#website"},"datePublished":"2017-08-13T17:32:31+00:00","dateModified":"2021-10-18T09:17:15+00:00","breadcrumb":{"@id":"https:\/\/bsci.de\/cms\/verein\/#breadcrumb"},"inLanguage":"de","potentialAction":[{"@type":"ReadAction","target":["https:\/\/bsci.de\/cms\/verein\/"]}]},{"@type":"BreadcrumbList","@id":"https:\/\/bsci.de\/cms\/verein\/#breadcrumb","itemListElement":[{"@type":"ListItem","position":1,"name":"Startseite","item":"https:\/\/bsci.de\/cms\/"},{"@type":"ListItem","position":2,"name":"Verein"}]},{"@type":"WebSite","@id":"https:\/\/bsci.de\/cms\/#website","url":"https:\/\/bsci.de\/cms\/","name":"BSCI","description":"Billard Sport Club Ingolstadt e.V.","potentialAction":[{"@type":"SearchAction","target":{"@type":"EntryPoint","urlTemplate":"https:\/\/bsci.de\/cms\/?s={search_term_string}"},"query-input":{"@type":"PropertyValueSpecification","valueRequired":true,"valueName":"search_term_string"}}],"inLanguage":"de"}]}},"post_mailing_queue_ids":[],"_links":{"self":[{"href":"https:\/\/bsci.de\/cms\/wp-json\/wp\/v2\/pages\/63","targetHints":{"allow":["GET"]}}],"collection":[{"href":"https:\/\/bsci.de\/cms\/wp-json\/wp\/v2\/pages"}],"about":[{"href":"https:\/\/bsci.de\/cms\/wp-json\/wp\/v2\/types\/page"}],"author":[{"embeddable":true,"href":"https:\/\/bsci.de\/cms\/wp-json\/wp\/v2\/users\/2"}],"replies":[{"embeddable":true,"href":"https:\/\/bsci.de\/cms\/wp-json\/wp\/v2\/comments?post=63"}],"version-history":[{"count":11,"href":"https:\/\/bsci.de\/cms\/wp-json\/wp\/v2\/pages\/63\/revisions"}],"predecessor-version":[{"id":2060,"href":"https:\/\/bsci.de\/cms\/wp-json\/wp\/v2\/pages\/63\/revisions\/2060"}],"wp:attachment":[{"href":"https:\/\/bsci.de\/cms\/wp-json\/wp\/v2\/media?parent=63"}],"curies":[{"name":"wp","href":"https:\/\/api.w.org\/{rel}","templated":true}]}}