{"id":65,"date":"2017-08-13T19:34:44","date_gmt":"2017-08-13T17:34:44","guid":{"rendered":"http:\/\/bsci.de\/cms\/?page_id=65"},"modified":"2022-04-02T20:58:56","modified_gmt":"2022-04-02T18:58:56","slug":"werde-mitglied","status":"publish","type":"page","link":"https:\/\/bsci.de\/cms\/verein\/werde-mitglied\/","title":{"rendered":"Werde Mitglied"},"content":{"rendered":"Mitglied in einem Billardverein zu werden kommt den meisten Hobbyspielern nicht mal in den Sinn. Doch ein Verein ist nicht nur f\u00fcr den ambitionierten Ligaspieler interessant. Neben dem aktiven Ligabetrieb und der Teilnahme an Einzelmeisterschaften, besteht zudem die M\u00f6glichkeit an unseren regelm\u00e4\u00dfigen Trainings \u00a0und nat\u00fcrlich den vereinsinternen Veranstaltungen teilzunehmen.\n\nDie K\u00fcndigung der Mitgliedschaft ist zum Ende eines jeden Monats m\u00f6glich.\n\n\n <a href=\"https:\/\/bsci.de\/cms\/verein\/werde-mitglied\/\" class=\"more-link\">........... Read more [...]<\/a>","protected":false},"excerpt":{"rendered":"<p>Mitglied in einem Billardverein zu werden kommt den meisten Hobbyspielern nicht mal in den Sinn. Doch ein Verein ist nicht nur f\u00fcr den ambitionierten Ligaspieler interessant. Neben dem aktiven Ligabetrieb und der Teilnahme an Einzelmeisterschaften, besteht zudem die M\u00f6glichkeit an unseren regelm\u00e4\u00dfigen Trainings \u00a0und nat\u00fcrlich den vereinsinternen Veranstaltungen teilzunehmen. Die K\u00fcndigung der Mitgliedschaft ist zum Ende eines jeden Monats m\u00f6glich.&nbsp;<a href=\"https:\/\/bsci.de\/cms\/verein\/werde-mitglied\/\" class=\"read-more\">Continue Reading<\/a><\/p>\n","protected":false},"author":2,"featured_media":0,"parent":63,"menu_order":4,"comment_status":"closed","ping_status":"closed","template":"page-fullwidth.php","meta":{"footnotes":""},"class_list":["post-65","page","type-page","status-publish","hentry"],"yoast_head":"<!-- This site is optimized with the Yoast SEO plugin v26.8 - https:\/\/yoast.com\/product\/yoast-seo-wordpress\/ -->\n<title>Werde Mitglied - BSCI<\/title>\n<meta name=\"robots\" content=\"index, follow, max-snippet:-1, max-image-preview:large, max-video-preview:-1\" \/>\n<link rel=\"canonical\" href=\"https:\/\/bsci.de\/cms\/verein\/werde-mitglied\/\" \/>\n<meta property=\"og:locale\" content=\"de_DE\" \/>\n<meta property=\"og:type\" content=\"article\" \/>\n<meta property=\"og:title\" content=\"Werde Mitglied - BSCI\" \/>\n<meta property=\"og:description\" content=\"Mitglied in einem Billardverein zu werden kommt den meisten Hobbyspielern nicht mal in den Sinn. Doch ein Verein ist nicht nur f\u00fcr den ambitionierten Ligaspieler interessant. Neben dem aktiven Ligabetrieb und der Teilnahme an Einzelmeisterschaften, besteht zudem die M\u00f6glichkeit an unseren regelm\u00e4\u00dfigen Trainings \u00a0und nat\u00fcrlich den vereinsinternen Veranstaltungen teilzunehmen. Die K\u00fcndigung der Mitgliedschaft ist zum Ende eines jeden Monats m\u00f6glich.&nbsp;Continue Reading\" \/>\n<meta property=\"og:url\" content=\"https:\/\/bsci.de\/cms\/verein\/werde-mitglied\/\" \/>\n<meta property=\"og:site_name\" content=\"BSCI\" \/>\n<meta property=\"article:publisher\" content=\"https:\/\/www.facebook.com\/BSC.Ingolstadt\" \/>\n<meta property=\"article:modified_time\" content=\"2022-04-02T18:58:56+00:00\" \/>\n<meta property=\"og:image\" content=\"https:\/\/bsci.de\/cms\/wp-content\/uploads\/2017\/08\/BSCI-Wappen.png\" \/>\n\t<meta property=\"og:image:width\" content=\"200\" \/>\n\t<meta property=\"og:image:height\" content=\"200\" \/>\n\t<meta property=\"og:image:type\" content=\"image\/png\" \/>\n<meta name=\"twitter:label1\" content=\"Gesch\u00e4tzte Lesezeit\" \/>\n\t<meta name=\"twitter:data1\" content=\"1\u00a0Minute\" \/>\n<script type=\"application\/ld+json\" class=\"yoast-schema-graph\">{\"@context\":\"https:\/\/schema.org\",\"@graph\":[{\"@type\":\"WebPage\",\"@id\":\"https:\/\/bsci.de\/cms\/verein\/werde-mitglied\/\",\"url\":\"https:\/\/bsci.de\/cms\/verein\/werde-mitglied\/\",\"name\":\"Werde Mitglied - BSCI\",\"isPartOf\":{\"@id\":\"https:\/\/bsci.de\/cms\/#website\"},\"datePublished\":\"2017-08-13T17:34:44+00:00\",\"dateModified\":\"2022-04-02T18:58:56+00:00\",\"breadcrumb\":{\"@id\":\"https:\/\/bsci.de\/cms\/verein\/werde-mitglied\/#breadcrumb\"},\"inLanguage\":\"de\",\"potentialAction\":[{\"@type\":\"ReadAction\",\"target\":[\"https:\/\/bsci.de\/cms\/verein\/werde-mitglied\/\"]}]},{\"@type\":\"BreadcrumbList\",\"@id\":\"https:\/\/bsci.de\/cms\/verein\/werde-mitglied\/#breadcrumb\",\"itemListElement\":[{\"@type\":\"ListItem\",\"position\":1,\"name\":\"Startseite\",\"item\":\"https:\/\/bsci.de\/cms\/\"},{\"@type\":\"ListItem\",\"position\":2,\"name\":\"Verein\",\"item\":\"https:\/\/bsci.de\/cms\/verein\/\"},{\"@type\":\"ListItem\",\"position\":3,\"name\":\"Werde Mitglied\"}]},{\"@type\":\"WebSite\",\"@id\":\"https:\/\/bsci.de\/cms\/#website\",\"url\":\"https:\/\/bsci.de\/cms\/\",\"name\":\"BSCI\",\"description\":\"Billard Sport Club Ingolstadt e.V.\",\"potentialAction\":[{\"@type\":\"SearchAction\",\"target\":{\"@type\":\"EntryPoint\",\"urlTemplate\":\"https:\/\/bsci.de\/cms\/?s={search_term_string}\"},\"query-input\":{\"@type\":\"PropertyValueSpecification\",\"valueRequired\":true,\"valueName\":\"search_term_string\"}}],\"inLanguage\":\"de\"}]}<\/script>\n<!-- \/ Yoast SEO plugin. -->","yoast_head_json":{"title":"Werde Mitglied - BSCI","robots":{"index":"index","follow":"follow","max-snippet":"max-snippet:-1","max-image-preview":"max-image-preview:large","max-video-preview":"max-video-preview:-1"},"canonical":"https:\/\/bsci.de\/cms\/verein\/werde-mitglied\/","og_locale":"de_DE","og_type":"article","og_title":"Werde Mitglied - BSCI","og_description":"Mitglied in einem Billardverein zu werden kommt den meisten Hobbyspielern nicht mal in den Sinn. Doch ein Verein ist nicht nur f\u00fcr den ambitionierten Ligaspieler interessant. Neben dem aktiven Ligabetrieb und der Teilnahme an Einzelmeisterschaften, besteht zudem die M\u00f6glichkeit an unseren regelm\u00e4\u00dfigen Trainings \u00a0und nat\u00fcrlich den vereinsinternen Veranstaltungen teilzunehmen. Die K\u00fcndigung der Mitgliedschaft ist zum Ende eines jeden Monats m\u00f6glich.&nbsp;Continue Reading","og_url":"https:\/\/bsci.de\/cms\/verein\/werde-mitglied\/","og_site_name":"BSCI","article_publisher":"https:\/\/www.facebook.com\/BSC.Ingolstadt","article_modified_time":"2022-04-02T18:58:56+00:00","og_image":[{"width":200,"height":200,"url":"https:\/\/bsci.de\/cms\/wp-content\/uploads\/2017\/08\/BSCI-Wappen.png","type":"image\/png"}],"twitter_misc":{"Gesch\u00e4tzte Lesezeit":"1\u00a0Minute"},"schema":{"@context":"https:\/\/schema.org","@graph":[{"@type":"WebPage","@id":"https:\/\/bsci.de\/cms\/verein\/werde-mitglied\/","url":"https:\/\/bsci.de\/cms\/verein\/werde-mitglied\/","name":"Werde Mitglied - BSCI","isPartOf":{"@id":"https:\/\/bsci.de\/cms\/#website"},"datePublished":"2017-08-13T17:34:44+00:00","dateModified":"2022-04-02T18:58:56+00:00","breadcrumb":{"@id":"https:\/\/bsci.de\/cms\/verein\/werde-mitglied\/#breadcrumb"},"inLanguage":"de","potentialAction":[{"@type":"ReadAction","target":["https:\/\/bsci.de\/cms\/verein\/werde-mitglied\/"]}]},{"@type":"BreadcrumbList","@id":"https:\/\/bsci.de\/cms\/verein\/werde-mitglied\/#breadcrumb","itemListElement":[{"@type":"ListItem","position":1,"name":"Startseite","item":"https:\/\/bsci.de\/cms\/"},{"@type":"ListItem","position":2,"name":"Verein","item":"https:\/\/bsci.de\/cms\/verein\/"},{"@type":"ListItem","position":3,"name":"Werde Mitglied"}]},{"@type":"WebSite","@id":"https:\/\/bsci.de\/cms\/#website","url":"https:\/\/bsci.de\/cms\/","name":"BSCI","description":"Billard Sport Club Ingolstadt e.V.","potentialAction":[{"@type":"SearchAction","target":{"@type":"EntryPoint","urlTemplate":"https:\/\/bsci.de\/cms\/?s={search_term_string}"},"query-input":{"@type":"PropertyValueSpecification","valueRequired":true,"valueName":"search_term_string"}}],"inLanguage":"de"}]}},"post_mailing_queue_ids":[],"_links":{"self":[{"href":"https:\/\/bsci.de\/cms\/wp-json\/wp\/v2\/pages\/65","targetHints":{"allow":["GET"]}}],"collection":[{"href":"https:\/\/bsci.de\/cms\/wp-json\/wp\/v2\/pages"}],"about":[{"href":"https:\/\/bsci.de\/cms\/wp-json\/wp\/v2\/types\/page"}],"author":[{"embeddable":true,"href":"https:\/\/bsci.de\/cms\/wp-json\/wp\/v2\/users\/2"}],"replies":[{"embeddable":true,"href":"https:\/\/bsci.de\/cms\/wp-json\/wp\/v2\/comments?post=65"}],"version-history":[{"count":33,"href":"https:\/\/bsci.de\/cms\/wp-json\/wp\/v2\/pages\/65\/revisions"}],"predecessor-version":[{"id":2257,"href":"https:\/\/bsci.de\/cms\/wp-json\/wp\/v2\/pages\/65\/revisions\/2257"}],"up":[{"embeddable":true,"href":"https:\/\/bsci.de\/cms\/wp-json\/wp\/v2\/pages\/63"}],"wp:attachment":[{"href":"https:\/\/bsci.de\/cms\/wp-json\/wp\/v2\/media?parent=65"}],"curies":[{"name":"wp","href":"https:\/\/api.w.org\/{rel}","templated":true}]}}