{"id":82,"date":"2017-08-13T19:56:39","date_gmt":"2017-08-13T17:56:39","guid":{"rendered":"http:\/\/bsci.de\/cms\/?page_id=82"},"modified":"2025-08-31T11:26:46","modified_gmt":"2025-08-31T09:26:46","slug":"training","status":"publish","type":"page","link":"https:\/\/bsci.de\/cms\/training\/","title":{"rendered":"Training"},"content":{"rendered":"\"Billard ist die hohe Kunst des Vorausdenkens. Es ist nicht nur ein Spiel, sondern in erster Linie eine anspruchsvolle Sportart, die neben physischer Kondition, das logische Denken eines Schachspielers und die ruhige Hand eines Konzertpianisten erfordert\" - Albert Einstein\nNeben dem Spa\u00df - der definitiv das Wichtigste beim Billard ist - bedarf es auch eines regelm\u00e4\u00dfigen Trainings, um an Schw\u00e4chen zu arbeiten und neue F\u00e4higkeiten zu erlernen bzw. zu vertiefen. Je fr\u00fcher mit einem fundierten <a href=\"https:\/\/bsci.de\/cms\/training\/\" class=\"more-link\">........... Read more [...]<\/a>","protected":false},"excerpt":{"rendered":"<p>\"Billard ist die hohe Kunst des Vorausdenkens. Es ist nicht nur ein Spiel, sondern in erster Linie eine anspruchsvolle Sportart, die neben physischer Kondition, das logische Denken eines Schachspielers und die ruhige Hand eines Konzertpianisten erfordert\" - Albert Einstein Neben dem Spa\u00df - der definitiv das Wichtigste beim Billard ist - bedarf es auch eines regelm\u00e4\u00dfigen Trainings, um an Schw\u00e4chen&nbsp;<a href=\"https:\/\/bsci.de\/cms\/training\/\" class=\"read-more\">Continue Reading<\/a><\/p>\n","protected":false},"author":2,"featured_media":0,"parent":0,"menu_order":24,"comment_status":"closed","ping_status":"closed","template":"page-fullwidth.php","meta":{"footnotes":""},"class_list":["post-82","page","type-page","status-publish","hentry"],"yoast_head":"<!-- This site is optimized with the Yoast SEO plugin v27.4 - https:\/\/yoast.com\/product\/yoast-seo-wordpress\/ -->\n<title>Training - BSCI<\/title>\n<meta name=\"robots\" content=\"index, follow, max-snippet:-1, max-image-preview:large, max-video-preview:-1\" \/>\n<link rel=\"canonical\" href=\"https:\/\/bsci.de\/cms\/training\/\" \/>\n<meta property=\"og:locale\" content=\"de_DE\" \/>\n<meta property=\"og:type\" content=\"article\" \/>\n<meta property=\"og:title\" content=\"Training - BSCI\" \/>\n<meta property=\"og:description\" content=\"&quot;Billard ist die hohe Kunst des Vorausdenkens. Es ist nicht nur ein Spiel, sondern in erster Linie eine anspruchsvolle Sportart, die neben physischer Kondition, das logische Denken eines Schachspielers und die ruhige Hand eines Konzertpianisten erfordert&quot; - Albert Einstein Neben dem Spa\u00df - der definitiv das Wichtigste beim Billard ist - bedarf es auch eines regelm\u00e4\u00dfigen Trainings, um an Schw\u00e4chen&nbsp;Continue Reading\" \/>\n<meta property=\"og:url\" content=\"https:\/\/bsci.de\/cms\/training\/\" \/>\n<meta property=\"og:site_name\" content=\"BSCI\" \/>\n<meta property=\"article:publisher\" content=\"https:\/\/www.facebook.com\/BSC.Ingolstadt\" \/>\n<meta property=\"article:modified_time\" content=\"2025-08-31T09:26:46+00:00\" \/>\n<meta property=\"og:image\" content=\"https:\/\/bsci.de\/cms\/wp-content\/uploads\/2017\/08\/BSCI-Wappen.png\" \/>\n\t<meta property=\"og:image:width\" content=\"200\" \/>\n\t<meta property=\"og:image:height\" content=\"200\" \/>\n\t<meta property=\"og:image:type\" content=\"image\/png\" \/>\n<meta name=\"twitter:label1\" content=\"Gesch\u00e4tzte Lesezeit\" \/>\n\t<meta name=\"twitter:data1\" content=\"1\u00a0Minute\" \/>\n<script type=\"application\/ld+json\" class=\"yoast-schema-graph\">{\"@context\":\"https:\\\/\\\/schema.org\",\"@graph\":[{\"@type\":\"WebPage\",\"@id\":\"https:\\\/\\\/bsci.de\\\/cms\\\/training\\\/\",\"url\":\"https:\\\/\\\/bsci.de\\\/cms\\\/training\\\/\",\"name\":\"Training - BSCI\",\"isPartOf\":{\"@id\":\"https:\\\/\\\/bsci.de\\\/cms\\\/#website\"},\"datePublished\":\"2017-08-13T17:56:39+00:00\",\"dateModified\":\"2025-08-31T09:26:46+00:00\",\"breadcrumb\":{\"@id\":\"https:\\\/\\\/bsci.de\\\/cms\\\/training\\\/#breadcrumb\"},\"inLanguage\":\"de\",\"potentialAction\":[{\"@type\":\"ReadAction\",\"target\":[\"https:\\\/\\\/bsci.de\\\/cms\\\/training\\\/\"]}]},{\"@type\":\"BreadcrumbList\",\"@id\":\"https:\\\/\\\/bsci.de\\\/cms\\\/training\\\/#breadcrumb\",\"itemListElement\":[{\"@type\":\"ListItem\",\"position\":1,\"name\":\"Startseite\",\"item\":\"https:\\\/\\\/bsci.de\\\/cms\\\/\"},{\"@type\":\"ListItem\",\"position\":2,\"name\":\"Training\"}]},{\"@type\":\"WebSite\",\"@id\":\"https:\\\/\\\/bsci.de\\\/cms\\\/#website\",\"url\":\"https:\\\/\\\/bsci.de\\\/cms\\\/\",\"name\":\"BSCI\",\"description\":\"Billard Sport Club Ingolstadt e.V.\",\"potentialAction\":[{\"@type\":\"SearchAction\",\"target\":{\"@type\":\"EntryPoint\",\"urlTemplate\":\"https:\\\/\\\/bsci.de\\\/cms\\\/?s={search_term_string}\"},\"query-input\":{\"@type\":\"PropertyValueSpecification\",\"valueRequired\":true,\"valueName\":\"search_term_string\"}}],\"inLanguage\":\"de\"}]}<\/script>\n<!-- \/ Yoast SEO plugin. -->","yoast_head_json":{"title":"Training - BSCI","robots":{"index":"index","follow":"follow","max-snippet":"max-snippet:-1","max-image-preview":"max-image-preview:large","max-video-preview":"max-video-preview:-1"},"canonical":"https:\/\/bsci.de\/cms\/training\/","og_locale":"de_DE","og_type":"article","og_title":"Training - BSCI","og_description":"\"Billard ist die hohe Kunst des Vorausdenkens. Es ist nicht nur ein Spiel, sondern in erster Linie eine anspruchsvolle Sportart, die neben physischer Kondition, das logische Denken eines Schachspielers und die ruhige Hand eines Konzertpianisten erfordert\" - Albert Einstein Neben dem Spa\u00df - der definitiv das Wichtigste beim Billard ist - bedarf es auch eines regelm\u00e4\u00dfigen Trainings, um an Schw\u00e4chen&nbsp;Continue Reading","og_url":"https:\/\/bsci.de\/cms\/training\/","og_site_name":"BSCI","article_publisher":"https:\/\/www.facebook.com\/BSC.Ingolstadt","article_modified_time":"2025-08-31T09:26:46+00:00","og_image":[{"width":200,"height":200,"url":"https:\/\/bsci.de\/cms\/wp-content\/uploads\/2017\/08\/BSCI-Wappen.png","type":"image\/png"}],"twitter_misc":{"Gesch\u00e4tzte Lesezeit":"1\u00a0Minute"},"schema":{"@context":"https:\/\/schema.org","@graph":[{"@type":"WebPage","@id":"https:\/\/bsci.de\/cms\/training\/","url":"https:\/\/bsci.de\/cms\/training\/","name":"Training - BSCI","isPartOf":{"@id":"https:\/\/bsci.de\/cms\/#website"},"datePublished":"2017-08-13T17:56:39+00:00","dateModified":"2025-08-31T09:26:46+00:00","breadcrumb":{"@id":"https:\/\/bsci.de\/cms\/training\/#breadcrumb"},"inLanguage":"de","potentialAction":[{"@type":"ReadAction","target":["https:\/\/bsci.de\/cms\/training\/"]}]},{"@type":"BreadcrumbList","@id":"https:\/\/bsci.de\/cms\/training\/#breadcrumb","itemListElement":[{"@type":"ListItem","position":1,"name":"Startseite","item":"https:\/\/bsci.de\/cms\/"},{"@type":"ListItem","position":2,"name":"Training"}]},{"@type":"WebSite","@id":"https:\/\/bsci.de\/cms\/#website","url":"https:\/\/bsci.de\/cms\/","name":"BSCI","description":"Billard Sport Club Ingolstadt e.V.","potentialAction":[{"@type":"SearchAction","target":{"@type":"EntryPoint","urlTemplate":"https:\/\/bsci.de\/cms\/?s={search_term_string}"},"query-input":{"@type":"PropertyValueSpecification","valueRequired":true,"valueName":"search_term_string"}}],"inLanguage":"de"}]}},"post_mailing_queue_ids":[],"_links":{"self":[{"href":"https:\/\/bsci.de\/cms\/wp-json\/wp\/v2\/pages\/82","targetHints":{"allow":["GET"]}}],"collection":[{"href":"https:\/\/bsci.de\/cms\/wp-json\/wp\/v2\/pages"}],"about":[{"href":"https:\/\/bsci.de\/cms\/wp-json\/wp\/v2\/types\/page"}],"author":[{"embeddable":true,"href":"https:\/\/bsci.de\/cms\/wp-json\/wp\/v2\/users\/2"}],"replies":[{"embeddable":true,"href":"https:\/\/bsci.de\/cms\/wp-json\/wp\/v2\/comments?post=82"}],"version-history":[{"count":12,"href":"https:\/\/bsci.de\/cms\/wp-json\/wp\/v2\/pages\/82\/revisions"}],"predecessor-version":[{"id":2322,"href":"https:\/\/bsci.de\/cms\/wp-json\/wp\/v2\/pages\/82\/revisions\/2322"}],"wp:attachment":[{"href":"https:\/\/bsci.de\/cms\/wp-json\/wp\/v2\/media?parent=82"}],"curies":[{"name":"wp","href":"https:\/\/api.w.org\/{rel}","templated":true}]}}